{"id":344,"date":"2023-02-06T09:55:07","date_gmt":"2023-02-06T09:55:07","guid":{"rendered":"https:\/\/jaeger-gk.com\/?page_id=344"},"modified":"2026-04-01T08:12:19","modified_gmt":"2026-04-01T08:12:19","slug":"impressum","status":"publish","type":"page","link":"https:\/\/jaeger-gk.com\/de\/impressum\/","title":{"rendered":"Impressum"},"content":{"rendered":"\t\t<div data-elementor-type=\"wp-page\" data-elementor-id=\"344\" class=\"elementor elementor-344\" data-elementor-post-type=\"page\">\n\t\t\t\t<div class=\"elementor-element elementor-element-3501409 e-con-full e-flex e-con e-parent\" data-id=\"3501409\" data-element_type=\"container\" data-e-type=\"container\" data-settings=\"{&quot;background_background&quot;:&quot;classic&quot;,&quot;animation&quot;:&quot;none&quot;}\">\n\t\t\t\t<\/div>\n\t\t<div class=\"elementor-element elementor-element-a5c67ad e-con-full e-flex e-con e-parent\" data-id=\"a5c67ad\" data-element_type=\"container\" data-e-type=\"container\">\n\t\t<div class=\"elementor-element elementor-element-4e69082 e-con-full e-flex e-con e-child\" data-id=\"4e69082\" data-element_type=\"container\" data-e-type=\"container\">\n\t\t\t\t<div class=\"elementor-element elementor-element-c9256a4 elementor-widget elementor-widget-heading\" data-id=\"c9256a4\" data-element_type=\"widget\" data-e-type=\"widget\" data-widget_type=\"heading.default\">\n\t\t\t\t<div class=\"elementor-widget-container\">\n\t\t\t\t\t<h1 class=\"elementor-heading-title elementor-size-default\">Impressum der J\u00e4ger Gummi und Kunststoff GmbH<\/h1>\t\t\t\t<\/div>\n\t\t\t\t<\/div>\n\t\t\t\t<div class=\"elementor-element elementor-element-105dc52 elementor-widget elementor-widget-text-editor\" data-id=\"105dc52\" data-element_type=\"widget\" data-e-type=\"widget\" data-widget_type=\"text-editor.default\">\n\t\t\t\t<div class=\"elementor-widget-container\">\n\t\t\t\t\t\t\t\t\t<p><strong>Angaben nach \u00a7 5 Digitale-Dienste-Gesetz (DDG)<\/strong><\/p><p>J\u00e4ger Gummi und Kunststoff GmbH<br \/>Lohweg 1<br \/>30559 Hannover<\/p><p>Tel. 0511 \u2013 5358 0<br \/>Fax 0511 \u2013 553394<br \/>info@jaeger-gk.de<br \/>www.jaeger-gk.de<\/p><p>Vertretungsberechtigt gem\u00e4\u00df \u00a7 5 Nr. 1 DDG<\/p><p>Gesch\u00e4ftsf\u00fchrer:<br \/>Dipl.-Ing. Christian Lempfer<b><span data-olk-copy-source=\"MessageBody\"><br \/><\/span><\/b><span data-ogsc=\"black\">Julius J\u00e4ger, M.Sc.<\/span><\/p><p>Umsatzsteuer-Identnummer:<br \/>DE 813 314 161<\/p><p>Handelsregister<br \/>Registergericht Hannover HRB 59798<\/p>\t\t\t\t\t\t\t\t<\/div>\n\t\t\t\t<\/div>\n\t\t\t\t<\/div>\n\t\t\t\t<\/div>\n\t\t\t\t<\/div>\n\t\t","protected":false},"excerpt":{"rendered":"<p>Impressum der J\u00e4ger Gummi und Kunststoff GmbH Angaben nach \u00a7 5 Digitale-Dienste-Gesetz (DDG) J\u00e4ger Gummi und Kunststoff GmbHLohweg 130559 Hannover Tel. 0511 \u2013 5358 0Fax 0511 \u2013 553394info@jaeger-gk.dewww.jaeger-gk.de Vertretungsberechtigt gem\u00e4\u00df \u00a7 5 Nr. 1 DDG Gesch\u00e4ftsf\u00fchrer:Dipl.-Ing. Christian LempferJulius J\u00e4ger, M.Sc. Umsatzsteuer-Identnummer:DE 813 314 161 HandelsregisterRegistergericht Hannover HRB 59798<\/p>\n","protected":false},"author":2,"featured_media":0,"parent":0,"menu_order":0,"comment_status":"closed","ping_status":"closed","template":"elementor_header_footer","meta":{"_acf_changed":false,"inline_featured_image":false,"footnotes":""},"class_list":["post-344","page","type-page","status-publish","hentry"],"acf":[],"_links":{"self":[{"href":"https:\/\/jaeger-gk.com\/de\/wp-json\/wp\/v2\/pages\/344","targetHints":{"allow":["GET"]}}],"collection":[{"href":"https:\/\/jaeger-gk.com\/de\/wp-json\/wp\/v2\/pages"}],"about":[{"href":"https:\/\/jaeger-gk.com\/de\/wp-json\/wp\/v2\/types\/page"}],"author":[{"embeddable":true,"href":"https:\/\/jaeger-gk.com\/de\/wp-json\/wp\/v2\/users\/2"}],"replies":[{"embeddable":true,"href":"https:\/\/jaeger-gk.com\/de\/wp-json\/wp\/v2\/comments?post=344"}],"version-history":[{"count":12,"href":"https:\/\/jaeger-gk.com\/de\/wp-json\/wp\/v2\/pages\/344\/revisions"}],"predecessor-version":[{"id":20827,"href":"https:\/\/jaeger-gk.com\/de\/wp-json\/wp\/v2\/pages\/344\/revisions\/20827"}],"wp:attachment":[{"href":"https:\/\/jaeger-gk.com\/de\/wp-json\/wp\/v2\/media?parent=344"}],"curies":[{"name":"wp","href":"https:\/\/api.w.org\/{rel}","templated":true}]}}