{"id":5806,"date":"2023-09-20T12:25:17","date_gmt":"2023-09-20T12:25:17","guid":{"rendered":"https:\/\/jaeger-gk.com\/?page_id=5806"},"modified":"2024-03-13T13:06:07","modified_gmt":"2024-03-13T13:06:07","slug":"ueber-uns","status":"publish","type":"page","link":"https:\/\/jaeger-gk.com\/de\/ueber-uns\/","title":{"rendered":"\u00dcber uns"},"content":{"rendered":"\t\t<div data-elementor-type=\"wp-page\" data-elementor-id=\"5806\" class=\"elementor elementor-5806\" data-elementor-post-type=\"page\">\n\t\t\t\t<div class=\"elementor-element elementor-element-2110b9c e-con-full e-flex e-con e-parent\" data-id=\"2110b9c\" data-element_type=\"container\" data-e-type=\"container\" data-settings=\"{&quot;background_background&quot;:&quot;classic&quot;,&quot;animation&quot;:&quot;none&quot;}\">\n\t\t<div class=\"elementor-element elementor-element-989a07e e-con-full e-flex e-con e-child\" data-id=\"989a07e\" data-element_type=\"container\" data-e-type=\"container\">\n\t\t\t\t<\/div>\n\t\t\t\t<\/div>\n\t\t<div class=\"elementor-element elementor-element-6c695ea e-con-full e-flex e-con e-parent\" data-id=\"6c695ea\" data-element_type=\"container\" data-e-type=\"container\">\n\t\t<div class=\"elementor-element elementor-element-a29aa9a e-con-full e-flex e-con e-child\" data-id=\"a29aa9a\" data-element_type=\"container\" data-e-type=\"container\">\n\t\t\t\t<div class=\"elementor-element elementor-element-f794041 elementor-widget elementor-widget-heading\" data-id=\"f794041\" data-element_type=\"widget\" data-e-type=\"widget\" data-widget_type=\"heading.default\">\n\t\t\t\t<div class=\"elementor-widget-container\">\n\t\t\t\t\t<h1 class=\"elementor-heading-title elementor-size-default\">\u00dcber uns<\/h1>\t\t\t\t<\/div>\n\t\t\t\t<\/div>\n\t\t\t\t<div class=\"elementor-element elementor-element-c576475 elementor-widget elementor-widget-heading\" data-id=\"c576475\" data-element_type=\"widget\" data-e-type=\"widget\" data-widget_type=\"heading.default\">\n\t\t\t\t<div class=\"elementor-widget-container\">\n\t\t\t\t\t<p class=\"elementor-heading-title elementor-size-default\">Unsere Leidenschaft f\u00fcr Qualit\u00e4t und Innovation<\/p>\t\t\t\t<\/div>\n\t\t\t\t<\/div>\n\t\t\t\t<div class=\"elementor-element elementor-element-1e89a48 elementor-widget elementor-widget-text-editor\" data-id=\"1e89a48\" data-element_type=\"widget\" data-e-type=\"widget\" data-widget_type=\"text-editor.default\">\n\t\t\t\t<div class=\"elementor-widget-container\">\n\t\t\t\t\t\t\t\t\t<p>Die J\u00e4ger Gummi und Kunststoff GmbH, als Kerngesch\u00e4ft der J\u00c4GER Group, ist stolz auf ihr jahrzehntelanges Expertenwissen und ihre Beratungskompetenz. Mit insgesamt acht Vertriebsstandorten in ganz Deutschland sind wir in der Lage, unseren Kunden eine enge und ganzheitliche Betreuung vor Ort zu bieten. Als Entwicklungspartner erstellen wir individuelle, ma\u00dfgeschneiderte Produkte in unseren internationalen Produktionsstandorten, immer mit dem Ziel, h\u00f6chsten Qualit\u00e4tsstandards gerecht zu werden.<\/p><p>Unsere Philosophie als familiengef\u00fchrtes Unternehmen in der vierten Generation, vertreten durch Dr. Andreas J\u00e4ger und seit Mai 2023 auch seinen Neffen Julius J\u00e4ger in der Gesch\u00e4ftsf\u00fchrung, beinhaltet eine vertrauensvolle Zusammenarbeit mit Kunden und Lieferpartnern sowie soziale Verantwortung gegen\u00fcber Gesellschaft und Umwelt. Unser Leitbild basiert auf dem Erfolg und der Unterst\u00fctzung unserer engagierten Mitarbeitenden.<\/p><p>Kundenorientierung, tiefes Verst\u00e4ndnis f\u00fcr die Bed\u00fcrfnisse unserer Kunden und die Bereitstellung ganzheitlicher L\u00f6sungen sind die Grundpfeiler unserer Identit\u00e4t. Als Teil der J\u00c4GER Group sind wir stolz darauf, diese Tradition auch in Zukunft fortzusetzen und weiterhin ein zuverl\u00e4ssiger Partner f\u00fcr unsere Kunden zu sein.<\/p>\t\t\t\t\t\t\t\t<\/div>\n\t\t\t\t<\/div>\n\t\t\t\t<\/div>\n\t\t<div class=\"elementor-element elementor-element-925275e e-con-full e-flex e-con e-child\" data-id=\"925275e\" data-element_type=\"container\" data-e-type=\"container\">\n\t\t\t\t<div class=\"elementor-element elementor-element-e8e46d3 elementor-widget elementor-widget-image\" data-id=\"e8e46d3\" data-element_type=\"widget\" data-e-type=\"widget\" data-widget_type=\"image.default\">\n\t\t\t\t<div class=\"elementor-widget-container\">\n\t\t\t\t\t\t\t\t\t\t\t\t\t\t\t<img fetchpriority=\"high\" decoding=\"async\" width=\"800\" height=\"533\" src=\"https:\/\/jaeger-gk.com\/wp-content\/uploads\/person\/Familie-Jaeger.jpg\" class=\"attachment-large size-large wp-image-8806\" alt=\"\" \/>\t\t\t\t\t\t\t\t\t\t\t\t\t\t\t<\/div>\n\t\t\t\t<\/div>\n\t\t\t\t<div class=\"elementor-element elementor-element-f7d7fa7 elementor-widget elementor-widget-text-editor\" data-id=\"f7d7fa7\" data-element_type=\"widget\" data-e-type=\"widget\" data-widget_type=\"text-editor.default\">\n\t\t\t\t<div class=\"elementor-widget-container\">\n\t\t\t\t\t\t\t\t\t<p style=\"text-align: center;\"><em><span class=\"cf0\">Familiengef\u00fchrte J\u00e4ger Group: Marius, Julius, Sebastian und Andreas J\u00e4ger<\/span><\/em><\/p>\t\t\t\t\t\t\t\t<\/div>\n\t\t\t\t<\/div>\n\t\t\t\t<\/div>\n\t\t\t\t<\/div>\n\t\t<div class=\"elementor-element elementor-element-acf127e e-con-full elementor-hidden-mobile e-flex e-con e-parent\" data-id=\"acf127e\" data-element_type=\"container\" data-e-type=\"container\">\n\t\t\t\t<div class=\"elementor-element elementor-element-9f72a61 elementor-widget elementor-widget-image\" data-id=\"9f72a61\" data-element_type=\"widget\" data-e-type=\"widget\" data-widget_type=\"image.default\">\n\t\t\t\t<div class=\"elementor-widget-container\">\n\t\t\t\t\t\t\t\t\t\t\t\t\t\t\t<img decoding=\"async\" width=\"5586\" height=\"1183\" src=\"https:\/\/jaeger-gk.com\/wp-content\/uploads\/bilder\/Historie-JGK.png\" class=\"attachment-full size-full wp-image-8809\" alt=\"\" \/>\t\t\t\t\t\t\t\t\t\t\t\t\t\t\t<\/div>\n\t\t\t\t<\/div>\n\t\t\t\t<\/div>\n\t\t<div class=\"elementor-element elementor-element-835c89b e-con-full e-flex e-con e-parent\" data-id=\"835c89b\" data-element_type=\"container\" data-e-type=\"container\" data-settings=\"{&quot;background_background&quot;:&quot;classic&quot;}\">\n\t\t<div class=\"elementor-element elementor-element-7a0710e e-con-full e-flex e-con e-child\" data-id=\"7a0710e\" data-element_type=\"container\" data-e-type=\"container\" data-settings=\"{&quot;background_background&quot;:&quot;classic&quot;}\">\n\t\t<div class=\"elementor-element elementor-element-a764f75 e-con-full e-flex e-con e-child\" data-id=\"a764f75\" data-element_type=\"container\" data-e-type=\"container\">\n\t\t\t\t<div class=\"elementor-element elementor-element-d7c1dae elementor-widget elementor-widget-heading\" data-id=\"d7c1dae\" data-element_type=\"widget\" data-e-type=\"widget\" data-widget_type=\"heading.default\">\n\t\t\t\t<div class=\"elementor-widget-container\">\n\t\t\t\t\t<h2 class=\"elementor-heading-title elementor-size-default\">Compliance<\/h2>\t\t\t\t<\/div>\n\t\t\t\t<\/div>\n\t\t\t\t<\/div>\n\t\t<div class=\"elementor-element elementor-element-decf4d5 e-con-full e-flex e-con e-child\" data-id=\"decf4d5\" data-element_type=\"container\" data-e-type=\"container\" data-settings=\"{&quot;background_background&quot;:&quot;classic&quot;}\">\n\t\t\t\t<div class=\"elementor-element elementor-element-aa7f794 elementor-widget elementor-widget-text-editor\" data-id=\"aa7f794\" data-element_type=\"widget\" data-e-type=\"widget\" data-widget_type=\"text-editor.default\">\n\t\t\t\t<div class=\"elementor-widget-container\">\n\t\t\t\t\t\t\t\t\t<p style=\"text-align: left;\">Wir setzen uns gezielt f\u00fcr die Umsetzung und F\u00f6rderung ethischer Grunds\u00e4tze ein und verfolgen eine Null-Toleranz-Politik gegen\u00fcber jeglichen Formen von Regelverst\u00f6\u00dfen, von Korruption und Missbrauch. Die Einhaltung konkreter Vorgaben sind die Grundvoraussetzung f\u00fcr das Erreichen eines hohen Qualit\u00e4tsstandards, wirtschaftlichen Erfolgs und einer nachhaltigen Unternehmensentwicklung.<\/p>\t\t\t\t\t\t\t\t<\/div>\n\t\t\t\t<\/div>\n\t\t\t\t<\/div>\n\t\t<div class=\"elementor-element elementor-element-51c75b9 e-con-full e-flex e-con e-child\" data-id=\"51c75b9\" data-element_type=\"container\" data-e-type=\"container\">\n\t\t\t\t<div class=\"elementor-element elementor-element-02fca6f elementor-widget elementor-widget-text-editor\" data-id=\"02fca6f\" data-element_type=\"widget\" data-e-type=\"widget\" data-widget_type=\"text-editor.default\">\n\t\t\t\t<div class=\"elementor-widget-container\">\n\t\t\t\t\t\t\t\t\t<p style=\"text-align: left;\">Mehr Informationen finden Sie in unserer:<\/p>\t\t\t\t\t\t\t\t<\/div>\n\t\t\t\t<\/div>\n\t\t\t\t<div class=\"elementor-element elementor-element-541a328 elementor-icon-list--layout-traditional elementor-list-item-link-full_width elementor-widget elementor-widget-icon-list\" data-id=\"541a328\" data-element_type=\"widget\" data-e-type=\"widget\" data-widget_type=\"icon-list.default\">\n\t\t\t\t<div class=\"elementor-widget-container\">\n\t\t\t\t\t\t\t<ul class=\"elementor-icon-list-items\">\n\t\t\t\t\t\t\t<li class=\"elementor-icon-list-item\">\n\t\t\t\t\t\t\t\t\t\t\t<a href=\"https:\/\/jaeger-gk.com\/produkte\/#standardteile\">\n\n\t\t\t\t\t\t\t\t\t\t\t\t<span class=\"elementor-icon-list-icon\">\n\t\t\t\t\t\t\t<i aria-hidden=\"true\" class=\"fas fa-angle-double-right\"><\/i>\t\t\t\t\t\t<\/span>\n\t\t\t\t\t\t\t\t\t\t<span class=\"elementor-icon-list-text\">J\u00c4GER Policy<\/span>\n\t\t\t\t\t\t\t\t\t\t\t<\/a>\n\t\t\t\t\t\t\t\t\t<\/li>\n\t\t\t\t\t\t<\/ul>\n\t\t\t\t\t\t<\/div>\n\t\t\t\t<\/div>\n\t\t\t\t<div class=\"elementor-element elementor-element-7edc4ec elementor-widget elementor-widget-text-editor\" data-id=\"7edc4ec\" data-element_type=\"widget\" data-e-type=\"widget\" data-widget_type=\"text-editor.default\">\n\t\t\t\t<div class=\"elementor-widget-container\">\n\t\t\t\t\t\t\t\t\t<p style=\"text-align: left;\">Eine detaillierte Auflistung finden Sie auf der Plattform:<\/p>\t\t\t\t\t\t\t\t<\/div>\n\t\t\t\t<\/div>\n\t\t\t\t<div class=\"elementor-element elementor-element-b77554f elementor-icon-list--layout-traditional elementor-list-item-link-full_width elementor-widget elementor-widget-icon-list\" data-id=\"b77554f\" data-element_type=\"widget\" data-e-type=\"widget\" data-widget_type=\"icon-list.default\">\n\t\t\t\t<div class=\"elementor-widget-container\">\n\t\t\t\t\t\t\t<ul class=\"elementor-icon-list-items\">\n\t\t\t\t\t\t\t<li class=\"elementor-icon-list-item\">\n\t\t\t\t\t\t\t\t\t\t\t<a href=\"https:\/\/app.integritynext.com\/profiles\/fb4ef48c-759b-4ca1-b940-07e30dcc5343\" target=\"_blank\" rel=\"noopener\">\n\n\t\t\t\t\t\t\t\t\t\t\t\t<span class=\"elementor-icon-list-icon\">\n\t\t\t\t\t\t\t<i aria-hidden=\"true\" class=\"fas fa-angle-double-right\"><\/i>\t\t\t\t\t\t<\/span>\n\t\t\t\t\t\t\t\t\t\t<span class=\"elementor-icon-list-text\">IntegrityNext<\/span>\n\t\t\t\t\t\t\t\t\t\t\t<\/a>\n\t\t\t\t\t\t\t\t\t<\/li>\n\t\t\t\t\t\t<\/ul>\n\t\t\t\t\t\t<\/div>\n\t\t\t\t<\/div>\n\t\t\t\t<\/div>\n\t\t\t\t<\/div>\n\t\t\t\t<\/div>\n\t\t<div class=\"elementor-element elementor-element-b58b4c3 e-con-full e-flex e-con e-parent\" data-id=\"b58b4c3\" data-element_type=\"container\" data-e-type=\"container\">\n\t\t<div class=\"elementor-element elementor-element-4f7cc44 e-con-full e-flex e-con e-child\" data-id=\"4f7cc44\" data-element_type=\"container\" data-e-type=\"container\">\n\t\t\t\t<div class=\"elementor-element elementor-element-ac631fd elementor-widget elementor-widget-image\" data-id=\"ac631fd\" data-element_type=\"widget\" data-e-type=\"widget\" data-widget_type=\"image.default\">\n\t\t\t\t<div class=\"elementor-widget-container\">\n\t\t\t\t\t\t\t\t\t\t\t\t\t\t\t<img decoding=\"async\" width=\"200\" height=\"200\" src=\"https:\/\/jaeger-gk.com\/wp-content\/uploads\/logo\/logo-zugelassener_wirtschaftsbeteiligter_AEO.jpg\" class=\"attachment-medium size-medium wp-image-10472\" alt=\"logo zugelassener_wirtschaftsbeteiligter_AEO\" \/>\t\t\t\t\t\t\t\t\t\t\t\t\t\t\t<\/div>\n\t\t\t\t<\/div>\n\t\t\t\t<div class=\"elementor-element elementor-element-2161fd2 elementor-widget elementor-widget-image\" data-id=\"2161fd2\" data-element_type=\"widget\" data-e-type=\"widget\" data-widget_type=\"image.default\">\n\t\t\t\t<div class=\"elementor-widget-container\">\n\t\t\t\t\t\t\t\t\t\t\t\t\t\t\t<img decoding=\"async\" src=\"https:\/\/jaeger-gk.com\/wp-content\/uploads\/logo_grafik\/logo_zugelassener_wirtschaftsbeteiligter_aeo.jpg\" title=\"\" alt=\"\" loading=\"lazy\" \/>\t\t\t\t\t\t\t\t\t\t\t\t\t\t\t<\/div>\n\t\t\t\t<\/div>\n\t\t<div class=\"elementor-element elementor-element-d1f0108 e-con-full e-flex e-con e-child\" data-id=\"d1f0108\" data-element_type=\"container\" data-e-type=\"container\">\n\t\t\t\t<div class=\"elementor-element elementor-element-8158937 elementor-widget elementor-widget-heading\" data-id=\"8158937\" data-element_type=\"widget\" data-e-type=\"widget\" data-widget_type=\"heading.default\">\n\t\t\t\t<div class=\"elementor-widget-container\">\n\t\t\t\t\t<h2 class=\"elementor-heading-title elementor-size-default\">Mitgliedschaften <\/h2>\t\t\t\t<\/div>\n\t\t\t\t<\/div>\n\t\t\t\t<div class=\"elementor-element elementor-element-e0e177d elementor-widget elementor-widget-heading\" data-id=\"e0e177d\" data-element_type=\"widget\" data-e-type=\"widget\" data-widget_type=\"heading.default\">\n\t\t\t\t<div class=\"elementor-widget-container\">\n\t\t\t\t\t<p class=\"elementor-heading-title elementor-size-default\">Zugelassener Wirtschaftsbeteiligter<\/p>\t\t\t\t<\/div>\n\t\t\t\t<\/div>\n\t\t\t\t<div class=\"elementor-element elementor-element-f0cfdf5 elementor-widget elementor-widget-text-editor\" data-id=\"f0cfdf5\" data-element_type=\"widget\" data-e-type=\"widget\" data-widget_type=\"text-editor.default\">\n\t\t\t\t<div class=\"elementor-widget-container\">\n\t\t\t\t\t\t\t\t\t<p>Unser Status als zugelassener Wirtschaftsbeteiligter (AEO \u2013 Authorised Economic Operator) garantiert unseren Kunden eine zuverl\u00e4ssige und vertrauensw\u00fcrdige Bearbeitung und erm\u00f6glicht ggfs. eine vereinfachte Zollabwicklung.\u00a0<\/p>\t\t\t\t\t\t\t\t<\/div>\n\t\t\t\t<\/div>\n\t\t\t\t<\/div>\n\t\t\t\t<\/div>\n\t\t\t\t<\/div>\n\t\t<div class=\"elementor-element elementor-element-7f93dcb e-con-full e-flex e-con e-parent\" data-id=\"7f93dcb\" data-element_type=\"container\" data-e-type=\"container\">\n\t\t\t\t<div class=\"elementor-element elementor-element-a1e3401 elementor-widget elementor-widget-shortcode\" data-id=\"a1e3401\" data-element_type=\"widget\" data-e-type=\"widget\" data-widget_type=\"shortcode.default\">\n\t\t\t\t<div class=\"elementor-widget-container\">\n\t\t\t\t\t\t\t<div class=\"elementor-shortcode\">\t\t<div data-elementor-type=\"container\" data-elementor-id=\"10403\" class=\"elementor elementor-10403\" data-elementor-post-type=\"elementor_library\">\n\t\t\t\t<div class=\"elementor-element elementor-element-dfde7a8 e-con-full e-flex e-con e-parent\" data-id=\"dfde7a8\" data-element_type=\"container\" data-e-type=\"container\">\n\t\t<div class=\"elementor-element elementor-element-9557482 e-con-full e-flex e-con e-child\" data-id=\"9557482\" data-element_type=\"container\" data-e-type=\"container\" data-settings=\"{&quot;position&quot;:&quot;fixed&quot;,&quot;background_background&quot;:&quot;classic&quot;}\">\n\t\t\t\t<div class=\"elementor-element elementor-element-ef82ca6 elementor-hidden-desktop elementor-hidden-tablet elementor-view-default elementor-widget elementor-widget-icon\" data-id=\"ef82ca6\" data-element_type=\"widget\" data-e-type=\"widget\" data-widget_type=\"icon.default\">\n\t\t\t\t<div class=\"elementor-widget-container\">\n\t\t\t\t\t\t\t<div class=\"elementor-icon-wrapper\">\n\t\t\t<a class=\"elementor-icon\" href=\"#elementor-action%3Aaction%3Dpopup%3Aopen%26settings%3DeyJpZCI6MTAzNjksInRvZ2dsZSI6ZmFsc2V9\">\n\t\t\t<svg xmlns=\"http:\/\/www.w3.org\/2000\/svg\" xmlns:xlink=\"http:\/\/www.w3.org\/1999\/xlink\" id=\"all\" x=\"0px\" y=\"0px\" viewBox=\"0 0 107 93.5\" style=\"enable-background:new 0 0 107 93.5;\" xml:space=\"preserve\"><style type=\"text\/css\">\t.contact-st0{opacity:0.25;}\t.contact-st1{fill:#12AE95;}\t.contact-st2{fill:#FFFFFF;stroke:#12AE95;stroke-width:2;stroke-linecap:round;stroke-miterlimit:10;}<\/style><g class=\"contact-st0\">\t<polygon class=\"contact-st1\" points=\"47.7,82.7 47.7,84.4 50.3,88.3 51.1,87.6  \"><\/polygon>\t<polygon class=\"contact-st1\" points=\"47.7,75.1 47.7,76.8 53.5,85.4 54.2,84.7  \"><\/polygon>\t<polygon class=\"contact-st1\" points=\"20.3,27.2 20.3,28.9 56.7,82.4 57.4,81.8  \"><\/polygon>\t<path class=\"contact-st1\" d=\"M21.8,21.8c-0.2,0.3-0.4,0.6-0.5,1L60,79.6l0.7-0.7L21.8,21.8z\"><\/path>\t<path class=\"contact-st1\" d=\"M28.7,16.7c-0.3,0.1-0.7,0.2-1,0.3l39.1,57.5H68L28.7,16.7z\"><\/path>\t<polygon class=\"contact-st1\" points=\"33.7,16.5 32.5,16.5 72,74.4 73.1,74.4  \"><\/polygon>\t<path class=\"contact-st1\" d=\"M24.7,18.5c-0.3,0.2-0.5,0.4-0.8,0.6L63,76.6l0.7-0.7L24.7,18.5z\"><\/path>\t<path class=\"contact-st1\" d=\"M20.3,57.6v1.7l10.3,15.1c0.1,0,0.2,0,0.4,0h0.8L20.3,57.6z\"><\/path>\t<polygon class=\"contact-st1\" points=\"20.3,34.8 20.3,36.5 46.1,74.4 47.3,74.4  \"><\/polygon>\t<path class=\"contact-st1\" d=\"M20.4,65.4c0.2,1.1,0.5,2.2,1,3.2l1.5,2.2c0.8,0.9,1.6,1.6,2.6,2.2L20.4,65.4z\"><\/path>\t<polygon class=\"contact-st1\" points=\"40.9,74.4 42.1,74.4 20.3,42.4 20.3,44.1  \"><\/polygon>\t<polygon class=\"contact-st1\" points=\"20.3,50 20.3,51.7 35.8,74.4 36.9,74.4  \"><\/polygon>\t<polygon class=\"contact-st1\" points=\"75,16.5 73.9,16.5 100.4,55.4 100.4,53.7  \"><\/polygon>\t<polygon class=\"contact-st1\" points=\"85.4,16.5 84.2,16.5 100.4,40.2 100.4,38.5  \"><\/polygon>\t<polygon class=\"contact-st1\" points=\"80.2,16.5 79,16.5 100.4,47.8 100.4,46.1  \"><\/polygon>\t<polygon class=\"contact-st1\" points=\"69.9,16.5 68.7,16.5 100.4,63 100.4,61.3  \"><\/polygon>\t<path class=\"contact-st1\" d=\"M90.6,16.5c-0.3,0-0.5,0-0.8,0h-0.4l11,16.2V31L90.6,16.5z\"><\/path>\t<path class=\"contact-st1\" d=\"M95.9,18.4l4.2,6.2C99.5,22.1,97.9,19.9,95.9,18.4z\"><\/path>\t<path class=\"contact-st1\" d=\"M59.5,16.5h-1.2l37.9,55.7c0.3-0.2,0.5-0.4,0.7-0.6L59.5,16.5z\"><\/path>\t<polygon class=\"contact-st1\" points=\"49.2,16.5 48,16.5 87.5,74.4 88.6,74.4  \"><\/polygon>\t<path class=\"contact-st1\" d=\"M64.7,16.5h-1.2l35.6,52.3c0.2-0.3,0.3-0.7,0.5-1L64.7,16.5z\"><\/path>\t<polygon class=\"contact-st1\" points=\"44,16.5 42.8,16.5 82.3,74.4 83.5,74.4  \"><\/polygon>\t<polygon class=\"contact-st1\" points=\"38.8,16.5 37.7,16.5 77.1,74.4 78.3,74.4  \"><\/polygon>\t<path class=\"contact-st1\" d=\"M54.3,16.5h-1.2l39.2,57.6c0.3-0.1,0.6-0.2,1-0.3L54.3,16.5z\"><\/path><\/g><path class=\"contact-st2\" d=\"M80.2,67.8H55.9L40,82.3c-0.7,0.6-1.8,0.1-1.8-0.8V67.8H21.4c-5.9,0-10.6-4.8-10.6-10.6V20.5  c0-5.9,4.8-10.6,10.6-10.6h58.8c5.9,0,10.6,4.8,10.6,10.6v36.7C90.8,63,86.1,67.8,80.2,67.8z\"><\/path><circle class=\"contact-st2\" cx=\"37.5\" cy=\"49.2\" r=\"2.6\"><\/circle><circle class=\"contact-st2\" cx=\"50.4\" cy=\"49.2\" r=\"2.6\"><\/circle><circle class=\"contact-st2\" cx=\"63.3\" cy=\"49.2\" r=\"2.6\"><\/circle><\/svg>\t\t\t<\/a>\n\t\t<\/div>\n\t\t\t\t\t\t<\/div>\n\t\t\t\t<\/div>\n\t\t\t\t<div class=\"elementor-element elementor-element-40d745c elementor-hidden-mobile elementor-view-default elementor-position-block-start elementor-mobile-position-block-start elementor-widget elementor-widget-icon-box\" data-id=\"40d745c\" data-element_type=\"widget\" data-e-type=\"widget\" data-widget_type=\"icon-box.default\">\n\t\t\t\t<div class=\"elementor-widget-container\">\n\t\t\t\t\t\t\t<div class=\"elementor-icon-box-wrapper\">\n\n\t\t\t\t\t\t<div class=\"elementor-icon-box-icon\">\n\t\t\t\t<a href=\"#elementor-action%3Aaction%3Dpopup%3Aopen%26settings%3DeyJpZCI6MTAzNjksInRvZ2dsZSI6ZmFsc2V9\" class=\"elementor-icon elementor-animation-grow\" tabindex=\"-1\" aria-label=\"Jetzt Kontakt aufnehmen\">\n\t\t\t\t<svg xmlns=\"http:\/\/www.w3.org\/2000\/svg\" xmlns:xlink=\"http:\/\/www.w3.org\/1999\/xlink\" id=\"all\" x=\"0px\" y=\"0px\" viewBox=\"0 0 107 93.5\" style=\"enable-background:new 0 0 107 93.5;\" xml:space=\"preserve\"><style type=\"text\/css\">\t.contact-st0{opacity:0.25;}\t.contact-st1{fill:#12AE95;}\t.contact-st2{fill:#FFFFFF;stroke:#12AE95;stroke-width:2;stroke-linecap:round;stroke-miterlimit:10;}<\/style><g class=\"contact-st0\">\t<polygon class=\"contact-st1\" points=\"47.7,82.7 47.7,84.4 50.3,88.3 51.1,87.6  \"><\/polygon>\t<polygon class=\"contact-st1\" points=\"47.7,75.1 47.7,76.8 53.5,85.4 54.2,84.7  \"><\/polygon>\t<polygon class=\"contact-st1\" points=\"20.3,27.2 20.3,28.9 56.7,82.4 57.4,81.8  \"><\/polygon>\t<path class=\"contact-st1\" d=\"M21.8,21.8c-0.2,0.3-0.4,0.6-0.5,1L60,79.6l0.7-0.7L21.8,21.8z\"><\/path>\t<path class=\"contact-st1\" d=\"M28.7,16.7c-0.3,0.1-0.7,0.2-1,0.3l39.1,57.5H68L28.7,16.7z\"><\/path>\t<polygon class=\"contact-st1\" points=\"33.7,16.5 32.5,16.5 72,74.4 73.1,74.4  \"><\/polygon>\t<path class=\"contact-st1\" d=\"M24.7,18.5c-0.3,0.2-0.5,0.4-0.8,0.6L63,76.6l0.7-0.7L24.7,18.5z\"><\/path>\t<path class=\"contact-st1\" d=\"M20.3,57.6v1.7l10.3,15.1c0.1,0,0.2,0,0.4,0h0.8L20.3,57.6z\"><\/path>\t<polygon class=\"contact-st1\" points=\"20.3,34.8 20.3,36.5 46.1,74.4 47.3,74.4  \"><\/polygon>\t<path class=\"contact-st1\" d=\"M20.4,65.4c0.2,1.1,0.5,2.2,1,3.2l1.5,2.2c0.8,0.9,1.6,1.6,2.6,2.2L20.4,65.4z\"><\/path>\t<polygon class=\"contact-st1\" points=\"40.9,74.4 42.1,74.4 20.3,42.4 20.3,44.1  \"><\/polygon>\t<polygon class=\"contact-st1\" points=\"20.3,50 20.3,51.7 35.8,74.4 36.9,74.4  \"><\/polygon>\t<polygon class=\"contact-st1\" points=\"75,16.5 73.9,16.5 100.4,55.4 100.4,53.7  \"><\/polygon>\t<polygon class=\"contact-st1\" points=\"85.4,16.5 84.2,16.5 100.4,40.2 100.4,38.5  \"><\/polygon>\t<polygon class=\"contact-st1\" points=\"80.2,16.5 79,16.5 100.4,47.8 100.4,46.1  \"><\/polygon>\t<polygon class=\"contact-st1\" points=\"69.9,16.5 68.7,16.5 100.4,63 100.4,61.3  \"><\/polygon>\t<path class=\"contact-st1\" d=\"M90.6,16.5c-0.3,0-0.5,0-0.8,0h-0.4l11,16.2V31L90.6,16.5z\"><\/path>\t<path class=\"contact-st1\" d=\"M95.9,18.4l4.2,6.2C99.5,22.1,97.9,19.9,95.9,18.4z\"><\/path>\t<path class=\"contact-st1\" d=\"M59.5,16.5h-1.2l37.9,55.7c0.3-0.2,0.5-0.4,0.7-0.6L59.5,16.5z\"><\/path>\t<polygon class=\"contact-st1\" points=\"49.2,16.5 48,16.5 87.5,74.4 88.6,74.4  \"><\/polygon>\t<path class=\"contact-st1\" d=\"M64.7,16.5h-1.2l35.6,52.3c0.2-0.3,0.3-0.7,0.5-1L64.7,16.5z\"><\/path>\t<polygon class=\"contact-st1\" points=\"44,16.5 42.8,16.5 82.3,74.4 83.5,74.4  \"><\/polygon>\t<polygon class=\"contact-st1\" points=\"38.8,16.5 37.7,16.5 77.1,74.4 78.3,74.4  \"><\/polygon>\t<path class=\"contact-st1\" d=\"M54.3,16.5h-1.2l39.2,57.6c0.3-0.1,0.6-0.2,1-0.3L54.3,16.5z\"><\/path><\/g><path class=\"contact-st2\" d=\"M80.2,67.8H55.9L40,82.3c-0.7,0.6-1.8,0.1-1.8-0.8V67.8H21.4c-5.9,0-10.6-4.8-10.6-10.6V20.5  c0-5.9,4.8-10.6,10.6-10.6h58.8c5.9,0,10.6,4.8,10.6,10.6v36.7C90.8,63,86.1,67.8,80.2,67.8z\"><\/path><circle class=\"contact-st2\" cx=\"37.5\" cy=\"49.2\" r=\"2.6\"><\/circle><circle class=\"contact-st2\" cx=\"50.4\" cy=\"49.2\" r=\"2.6\"><\/circle><circle class=\"contact-st2\" cx=\"63.3\" cy=\"49.2\" r=\"2.6\"><\/circle><\/svg>\t\t\t\t<\/a>\n\t\t\t<\/div>\n\t\t\t\n\t\t\t\t\t\t<div class=\"elementor-icon-box-content\">\n\n\t\t\t\t\t\t\t\t\t<p class=\"elementor-icon-box-title\">\n\t\t\t\t\t\t<a href=\"#elementor-action%3Aaction%3Dpopup%3Aopen%26settings%3DeyJpZCI6MTAzNjksInRvZ2dsZSI6ZmFsc2V9\" >\n\t\t\t\t\t\t\tJetzt Kontakt aufnehmen\t\t\t\t\t\t<\/a>\n\t\t\t\t\t<\/p>\n\t\t\t\t\n\t\t\t\t\n\t\t\t<\/div>\n\t\t\t\n\t\t<\/div>\n\t\t\t\t\t\t<\/div>\n\t\t\t\t<\/div>\n\t\t\t\t<\/div>\n\t\t\t\t<\/div>\n\t\t\t\t<\/div>\n\t\t<\/div>\n\t\t\t\t\t\t<\/div>\n\t\t\t\t<\/div>\n\t\t\t\t<\/div>\n\t\t\t\t<\/div>\n\t\t","protected":false},"excerpt":{"rendered":"<p>\u00dcber uns Unsere Leidenschaft f\u00fcr Qualit\u00e4t und Innovation Die J\u00e4ger Gummi und Kunststoff GmbH, als Kerngesch\u00e4ft der J\u00c4GER Group, ist stolz auf ihr jahrzehntelanges Expertenwissen und ihre Beratungskompetenz. Mit insgesamt acht Vertriebsstandorten in ganz Deutschland sind wir in der Lage, unseren Kunden eine enge und ganzheitliche Betreuung vor Ort zu bieten. Als Entwicklungspartner erstellen wir [&hellip;]<\/p>\n","protected":false},"author":2,"featured_media":0,"parent":0,"menu_order":0,"comment_status":"closed","ping_status":"closed","template":"elementor_header_footer","meta":{"_acf_changed":false,"inline_featured_image":false,"footnotes":""},"class_list":["post-5806","page","type-page","status-publish","hentry"],"acf":[],"_links":{"self":[{"href":"https:\/\/jaeger-gk.com\/de\/wp-json\/wp\/v2\/pages\/5806","targetHints":{"allow":["GET"]}}],"collection":[{"href":"https:\/\/jaeger-gk.com\/de\/wp-json\/wp\/v2\/pages"}],"about":[{"href":"https:\/\/jaeger-gk.com\/de\/wp-json\/wp\/v2\/types\/page"}],"author":[{"embeddable":true,"href":"https:\/\/jaeger-gk.com\/de\/wp-json\/wp\/v2\/users\/2"}],"replies":[{"embeddable":true,"href":"https:\/\/jaeger-gk.com\/de\/wp-json\/wp\/v2\/comments?post=5806"}],"version-history":[{"count":52,"href":"https:\/\/jaeger-gk.com\/de\/wp-json\/wp\/v2\/pages\/5806\/revisions"}],"predecessor-version":[{"id":17279,"href":"https:\/\/jaeger-gk.com\/de\/wp-json\/wp\/v2\/pages\/5806\/revisions\/17279"}],"wp:attachment":[{"href":"https:\/\/jaeger-gk.com\/de\/wp-json\/wp\/v2\/media?parent=5806"}],"curies":[{"name":"wp","href":"https:\/\/api.w.org\/{rel}","templated":true}]}}