{"id":15356,"date":"2023-09-15T07:51:16","date_gmt":"2023-09-15T07:51:16","guid":{"rendered":"https:\/\/jaeger-gk.com\/kundenumfrage\/"},"modified":"2024-03-13T12:52:50","modified_gmt":"2024-03-13T12:52:50","slug":"customer-survey","status":"publish","type":"page","link":"https:\/\/jaeger-gk.com\/en\/customer-survey\/","title":{"rendered":"Customer survey"},"content":{"rendered":"\t\t<div data-elementor-type=\"wp-page\" data-elementor-id=\"15356\" class=\"elementor elementor-15356 elementor-5150\" data-elementor-post-type=\"page\">\n\t\t\t\t<div class=\"elementor-element elementor-element-b30b585 e-con-full e-flex e-con e-parent\" data-id=\"b30b585\" data-element_type=\"container\" data-e-type=\"container\" data-settings=\"{&quot;background_background&quot;:&quot;classic&quot;,&quot;animation&quot;:&quot;none&quot;}\">\n\t\t<div class=\"elementor-element elementor-element-1bab18d e-con-full e-flex e-con e-child\" data-id=\"1bab18d\" data-element_type=\"container\" data-e-type=\"container\">\n\t\t\t\t<\/div>\n\t\t\t\t<\/div>\n\t\t<div class=\"elementor-element elementor-element-a71750a e-con-full e-flex e-con e-parent\" data-id=\"a71750a\" data-element_type=\"container\" data-e-type=\"container\">\n\t\t<div class=\"elementor-element elementor-element-3de9ece e-con-full e-flex e-con e-child\" data-id=\"3de9ece\" data-element_type=\"container\" data-e-type=\"container\">\n\t\t\t\t<div class=\"elementor-element elementor-element-6290a9f elementor-widget elementor-widget-heading\" data-id=\"6290a9f\" data-element_type=\"widget\" data-e-type=\"widget\" data-widget_type=\"heading.default\">\n\t\t\t\t<div class=\"elementor-widget-container\">\n\t\t\t\t\t<h1 class=\"elementor-heading-title elementor-size-default\">Customer survey<\/h1>\t\t\t\t<\/div>\n\t\t\t\t<\/div>\n\t\t\t\t<div class=\"elementor-element elementor-element-6f02386 elementor-widget elementor-widget-heading\" data-id=\"6f02386\" data-element_type=\"widget\" data-e-type=\"widget\" data-widget_type=\"heading.default\">\n\t\t\t\t<div class=\"elementor-widget-container\">\n\t\t\t\t\t<p class=\"elementor-heading-title elementor-size-default\">With your support to joint success!<\/p>\t\t\t\t<\/div>\n\t\t\t\t<\/div>\n\t\t\t\t<\/div>\n\t\t\t\t<\/div>\n\t\t<div class=\"elementor-element elementor-element-f1a3e01 e-con-full e-flex e-con e-parent\" data-id=\"f1a3e01\" data-element_type=\"container\" data-e-type=\"container\">\n\t\t<div class=\"elementor-element elementor-element-ae3617c e-con-full e-flex e-con e-child\" data-id=\"ae3617c\" data-element_type=\"container\" data-e-type=\"container\">\n\t\t\t\t<div class=\"elementor-element elementor-element-0249ad3 elementor-widget elementor-widget-formidable\" data-id=\"0249ad3\" data-element_type=\"widget\" data-e-type=\"widget\" data-widget_type=\"formidable.default\">\n\t\t\t\t<div class=\"elementor-widget-container\">\n\t\t\t\t\t<div class=\"frm_forms  with_frm_style frm_style_umfrage\" id=\"frm_form_13_container\" >\n<form enctype=\"multipart\/form-data\" method=\"post\" class=\"frm-show-form  frm_pro_form \" id=\"form_kundenumfrage\" >\n<div class=\"frm_form_fields  frm_page_num_1\">\n<fieldset>\n<legend class=\"frm_screen_reader\">Kundenumfrage JGK<\/legend>\r\n\r\n<div class=\"frm_fields_container\">\n<div class=\"frm_rootline_group\" role=\"group\" tabindex=\"0\" aria-label=\"Page 1 of 5\" ><ul class=\"frm_page_bar frm_rootline_5 frm_rootline frm_rootline_line  frm_show_lines frm_show_titles\"><li class=\"frm_rootline_single frm_current_page\"><input type=\"button\" value=\"1\" data-page=\"\" class=\" frm_page_1\" aria-disabled=\"true\" data-field=\"0\" aria-label=\"Info\"  \/><span class=\"frm_rootline_title\">Info<\/span><\/li><li class=\"frm_rootline_single\"><input type=\"button\" value=\"2\" data-page=\"7\" class=\"frm_page_skip frm_page_2\" data-field=\"207\" aria-label=\"Start survey\"  \/><span class=\"frm_rootline_title\">Start survey<\/span><\/li><li class=\"frm_rootline_single\"><input type=\"button\" value=\"3\" data-page=\"21\" class=\"frm_page_skip frm_page_3\" data-field=\"214\" aria-label=\"Next\"  \/><span class=\"frm_rootline_title\">Next<\/span><\/li><li class=\"frm_rootline_single\"><input type=\"button\" value=\"4\" data-page=\"39\" class=\"frm_page_skip frm_page_4\" data-field=\"223\" aria-label=\"Next\"  \/><span class=\"frm_rootline_title\">Next<\/span><\/li>\t\t<li class=\"frm_rootline_single frm_rootline_show_hidden_steps_btn frm_hidden\">\n\t\t\t<input type=\"button\" class=\"frm_rootline_show_more_btn\" value=\"\u00b7\u00b7\u00b7\" \/>\n\t\t\t<ul class=\"frm_rootline_hidden_steps frm_hidden\"><\/ul>\n\t\t<\/li>\n\t\t<li class=\"frm_rootline_single\"><input type=\"button\" value=\"5\" data-page=\"61\" class=\"frm_page_skip frm_page_5\" data-field=\"235\" aria-label=\"Next\"  \/><span class=\"frm_rootline_title\">Next<\/span><\/li><\/ul><div class=\"frm_clearfix\"><\/div><\/div><input type=\"hidden\" name=\"frm_action\" value=\"create\" \/>\n<input type=\"hidden\" name=\"form_id\" value=\"13\" \/>\n<input type=\"hidden\" name=\"frm_hide_fields_13\" id=\"frm_hide_fields_13\" value=\"\" \/>\n<input type=\"hidden\" name=\"form_key\" value=\"kundenumfrage\" \/>\n<input type=\"hidden\" name=\"item_meta[0]\" value=\"\" \/>\n<input type=\"hidden\" id=\"frm_submit_entry_13\" name=\"frm_submit_entry_13\" value=\"4b3ef4c36b\" \/><input type=\"hidden\" name=\"_wp_http_referer\" value=\"\/en\/wp-json\/wp\/v2\/pages\/15356\" \/><div id=\"frm_field_205_container\" class=\"frm_form_field  frm_half frm_first frm_html_container form-field\">We are constantly working to improve, but only you can help us. Processing our form takes <strong>only about 5 minutes<\/strong> and enables us to respond to your wishes and suggestions for improvement in the future. We look forward to your feedback and constructive criticism and will be happy to get in touch with you personally afterwards.<\/div>\n<div id=\"frm_field_206_container\" class=\"frm_form_field  frm_half frm_html_container form-field\">The answers you provide will be used for internal purposes to improve our customer satisfaction. If selected responses are published as part of our general company presentation, they will be presented anonymously.<\/div>\n<input type=\"hidden\" name=\"frm_page_order_13\" id=\"frm_page_order_13\" value=\"7\" \/>\t\t<input  type=\"hidden\" name=\"item_meta[209]\" id=\"field_7uwvh-0\" value=\"\"     \/>\n\t\t\t\t<input  type=\"hidden\" name=\"item_meta[210]\" id=\"field_aqj7b-0\" value=\"\"     \/>\n\t\t\t\t<input  type=\"hidden\" name=\"item_meta[211]\" id=\"field_sr5ik-0\" value=\"\"     \/>\n\t\t\t\t<input  type=\"hidden\" name=\"item_meta[212]\" id=\"field_mx3lw\" value=\"\"     \/>\n\t\t\t\t<input  type=\"hidden\" name=\"item_meta[214]\" id=\"field_3ltqq\" value=\"\"     \/>\n\t\t\t\t<input  type=\"hidden\" name=\"item_meta[216]\" id=\"field_evmzx-0\" value=\"\"     \/>\n\t\t\t\t<input  type=\"hidden\" name=\"item_meta[217]\" id=\"field_a0uex-0\" value=\"\"     \/>\n\t\t\t\t<input  type=\"hidden\" name=\"item_meta[218]\" id=\"field_3rfu9-0\" value=\"\"     \/>\n\t\t\t\t<input  type=\"hidden\" name=\"item_meta[219]\" id=\"field_z3pen-0\" value=\"\"     \/>\n\t\t\t\t<input  type=\"hidden\" name=\"item_meta[220]\" id=\"field_xfovl-0\" value=\"\"     \/>\n\t\t\t\t<input  type=\"hidden\" name=\"item_meta[221]\" id=\"field_slpjo\" value=\"\"     \/>\n\t\t\t\t<input  type=\"hidden\" name=\"item_meta[223]\" id=\"field_dug0q\" value=\"\"     \/>\n\t\t\t\t<input  type=\"hidden\" name=\"item_meta[225]\" id=\"field_zbic0-0\" value=\"\"     \/>\n\t\t\t\t<input  type=\"hidden\" name=\"item_meta[226]\" id=\"field_ymuv\" value=\"0\"  data-frmval=\"0\"   \/>\n\t\t\t\t<input  type=\"hidden\" name=\"item_meta[227]\" id=\"field_44c2n\" value=\"\"     \/>\n\t\t\t\t<input  type=\"hidden\" name=\"item_meta[228]\" id=\"field_j6poy-0\" value=\"\"     \/>\n\t\t\t\t<input  type=\"hidden\" name=\"item_meta[229]\" id=\"field_ktt0d-0\" value=\"\"     \/>\n\t\t\t\t<input  type=\"hidden\" name=\"item_meta[230]\" id=\"field_o8045-0\" value=\"\"     \/>\n\t\t\t\t<input  type=\"hidden\" name=\"item_meta[231]\" id=\"field_ez4wh-0\" value=\"\"     \/>\n\t\t\t\t<input  type=\"hidden\" name=\"item_meta[232]\" id=\"field_qbktt-0\" value=\"\"     \/>\n\t\t\t\t<input  type=\"hidden\" name=\"item_meta[233]\" id=\"field_am73-0\" value=\"\"     \/>\n\t\t\t\t<input  type=\"hidden\" name=\"item_meta[234]\" id=\"field_lil30\" value=\"\"     \/>\n\t\t\t\t<input  type=\"hidden\" name=\"item_meta[235]\" id=\"field_cg02l\" value=\"\"     \/>\n\t\t\t\t<input  type=\"hidden\" name=\"item_meta[238]\" id=\"field_upvsj\" value=\"\"     \/>\n\t\t\t\t<input  type=\"hidden\" name=\"item_meta[239]\" id=\"field_tz6nt\" value=\"\"     \/>\n\t\t\t\t<input  type=\"hidden\" name=\"item_meta[240]\" id=\"field_stbp1\" value=\"\"     \/>\n\t\t\t\t<input  type=\"hidden\" name=\"item_meta[241]\" id=\"field_evd3r\" value=\"\"     \/>\n\t\t\t\t<input  type=\"hidden\" name=\"item_meta[242]\" id=\"field_xdi4s\" value=\"\"     \/>\n\t\t\t\t<input  type=\"hidden\" name=\"item_meta[243]\" id=\"field_w5us3\" value=\"\"     \/>\n\t\t\t\t<input  type=\"hidden\" name=\"item_meta[244]\" id=\"field_a6a2t\" value=\"\"     \/>\n\t\t\t\t<input  type=\"hidden\" name=\"item_meta[245]\" id=\"field_fmrwq\" value=\"\"  data-placeholder=\"Bitte ausw\u00e4hlen\"     \/>\n\t\t\t\t<input  type=\"hidden\" name=\"item_meta[246]\" id=\"field_ksdbo\" value=\"\"     \/>\n\t\t\t\t<input  type=\"hidden\" name=\"item_meta[247]\" id=\"field_npr90-0\" value=\"\"     \/>\n\t\t\t\t<input  type=\"hidden\" name=\"item_meta[249]\" id=\"field_nb0wv-0\" value=\"\"     \/>\n\t\t\t\t<input  type=\"hidden\" name=\"item_meta[250]\" id=\"field_e1i17\" value=\"\"     \/>\n\t\t\t\t<input  type=\"hidden\" name=\"item_meta[383]\" id=\"field_o4e23\" value=\"\"     \/>\n\t\t\t<input type=\"hidden\" name=\"item_key\" value=\"\" \/>\n\t\t\t<div id=\"frm_field_541_container\">\n\t\t\t<label for=\"field_74b1r\" >\n\t\t\t\tIf you are human, leave this field blank.\t\t\t<\/label>\n\t\t\t<input  id=\"field_74b1r\" type=\"text\" class=\"frm_form_field form-field frm_verify\" name=\"item_meta[541]\" value=\"\"  \/>\n\t\t<\/div>\n\t\t<input name=\"frm_state\" type=\"hidden\" value=\"M4kAo45WGQpmnXQWVMk97qobB73tDnjnH0tWmkdGxkHrVYxI+\/7aFZKnLO8j6Igl\" \/><div class=\"frm_submit\">\r\n\r\n<button class=\"frm_button_submit\" type=\"submit\"  >Start survey<\/button>\r\n\r\n<\/div><\/div>\n<\/fieldset>\n<\/div>\n\n<\/form>\n<\/div>\n\t\t\t\t<\/div>\n\t\t\t\t<\/div>\n\t\t\t\t<\/div>\n\t\t\t\t<\/div>\n\t\t\t\t<\/div>\n\t\t","protected":false},"excerpt":{"rendered":"<p>Customer survey With your support to joint success! Kundenumfrage JGK Info Seite 2 Seite 3 Seite 4 Seite 5 Wir arbeiten daran uns stetig zu verbessern, doch dabei k\u00f6nnen nur Sie uns helfen. Die Bearbeitung unseres Formulars dauert nur etwa 5 Minuten und erm\u00f6glicht uns in Zukunft auf Ihre W\u00fcnsche und Verbesserungsvorschl\u00e4ge einzugehen. Wir freuen [&hellip;]<\/p>\n","protected":false},"author":2,"featured_media":0,"parent":0,"menu_order":0,"comment_status":"closed","ping_status":"closed","template":"elementor_header_footer","meta":{"_acf_changed":false,"inline_featured_image":false,"footnotes":""},"class_list":["post-15356","page","type-page","status-publish","hentry"],"acf":[],"_links":{"self":[{"href":"https:\/\/jaeger-gk.com\/en\/wp-json\/wp\/v2\/pages\/15356","targetHints":{"allow":["GET"]}}],"collection":[{"href":"https:\/\/jaeger-gk.com\/en\/wp-json\/wp\/v2\/pages"}],"about":[{"href":"https:\/\/jaeger-gk.com\/en\/wp-json\/wp\/v2\/types\/page"}],"author":[{"embeddable":true,"href":"https:\/\/jaeger-gk.com\/en\/wp-json\/wp\/v2\/users\/2"}],"replies":[{"embeddable":true,"href":"https:\/\/jaeger-gk.com\/en\/wp-json\/wp\/v2\/comments?post=15356"}],"version-history":[{"count":9,"href":"https:\/\/jaeger-gk.com\/en\/wp-json\/wp\/v2\/pages\/15356\/revisions"}],"predecessor-version":[{"id":17235,"href":"https:\/\/jaeger-gk.com\/en\/wp-json\/wp\/v2\/pages\/15356\/revisions\/17235"}],"wp:attachment":[{"href":"https:\/\/jaeger-gk.com\/en\/wp-json\/wp\/v2\/media?parent=15356"}],"curies":[{"name":"wp","href":"https:\/\/api.w.org\/{rel}","templated":true}]}}